{"id":37,"date":"2025-07-04T12:47:33","date_gmt":"2025-07-04T10:47:33","guid":{"rendered":"https:\/\/all369.agenciaimagen.es\/?page_id=37"},"modified":"2025-09-01T08:36:47","modified_gmt":"2025-09-01T06:36:47","slug":"aviso-legal","status":"publish","type":"page","link":"https:\/\/all369.agenciaimagen.es\/es\/aviso-legal\/","title":{"rendered":"Aviso Legal"},"content":{"rendered":"\n<div class=\"wp-block-group container ic-page-legal\"><div class=\"wp-block-group__inner-container is-layout-constrained wp-block-group-is-layout-constrained\"><h1 class=\"wp-block-post-title\">Aviso Legal<\/h1>\n\n\n<p>En cumplimiento con el deber de informaci\u00f3n recogido en art\u00edculo 10 de la Ley 34\/2002, de 11 de julio, de Servicios de la Sociedad de la Informaci\u00f3n y del Comercio Electr\u00f3nico (LSSICE), el propietario de la web , le informa de lo siguiente:<\/p>\n\n\n\n<ul class=\"wp-block-list\">\n<li>Denominaci\u00f3n social: Jos\u00e9 Oscar Canabal Santa<\/li>\n\n\n\n<li>NIF: 50842599H<\/li>\n\n\n\n<li>Domicilio: Calle Azaleas, 51, Ct. House. Puerto Ban\u00fas, 29660 &#8211; Marbella (M\u00e1laga)<\/li>\n<\/ul>\n\n\n\n<p>Con los l\u00edmites establecidos en la ley, Jos\u00e9 Oscar Canabal Santa no asume ninguna responsabilidad derivada de la falta de veracidad, integridad, actualizaci\u00f3n y precisi\u00f3n de los datos o informaciones que contienen sus p\u00e1ginas web.<\/p>\n\n\n\n<p>Los contenidos e informaci\u00f3n no vinculan a Jos\u00e9 Oscar Canabal Santa ni constituyen opiniones, consejos o asesoramiento legal de ning\u00fan tipo pues se trata meramente de un servicio ofrecido con car\u00e1cter informativo y divulgativo.<\/p>\n\n\n\n<p>Las p\u00e1ginas de Internet de Jos\u00e9 Oscar Canabal Santa pueden contener enlaces (links) a otras p\u00e1ginas de terceras partes que Jos\u00e9 Oscar Canabal Santa no puede controlar. Por lo tanto, Jos\u00e9 Oscar Canabal Santa no puede asumir responsabilidades por el contenido que pueda aparecer en p\u00e1ginas de terceros.<\/p>\n\n\n\n<p>Los textos, im\u00e1genes, sonidos, animaciones, software y el resto de contenidos incluidos en este website son propiedad exclusiva de Jos\u00e9 Oscar Canabal Santa o sus licenciantes. Cualquier acto de transmisi\u00f3n, distribuci\u00f3n, cesi\u00f3n, reproducci\u00f3n, almacenamiento o comunicaci\u00f3n p\u00fablica total o parcial, deber\u00e1 contar con el consentimiento expreso de Jos\u00e9 Oscar Canabal Santa.<\/p>\n\n\n\n<p>Asimismo, para acceder a algunos de los servicios que Jos\u00e9 Oscar Canabal Santa ofrece a trav\u00e9s del sitio web, deber\u00e1 proporcionar algunos datos de car\u00e1cter personal. En cumplimiento de lo establecido en el Reglamento (UE) 2016\/679 del Parlamento Europeo y del Consejo, de 27 de abril de 2016, relativo a la protecci\u00f3n de las personas f\u00edsicas en lo que respecta al tratamiento de datos personales y a la libre circulaci\u00f3n de estos datos le informamos que, mediante la cumplimentaci\u00f3n de los presentes formularios, sus datos personales quedar\u00e1n incorporados y ser\u00e1n tratados en los ficheros de Jos\u00e9 Oscar Canabal Santa con el fin de poderle prestar y ofrecer nuestros servicios as\u00ed como para informarle de las mejoras del sitio Web.<\/p>\n\n\n\n<p>Le informamos tambi\u00e9n de que tendr\u00e1 la posibilidad en todo momento de ejercer los derechos de acceso, rectificaci\u00f3n, cancelaci\u00f3n, oposici\u00f3n, limitaci\u00f3n y portabilidad de sus datos de car\u00e1cter personal, de manera gratuita mediante email a: info@all-369.com o en la direcci\u00f3n: Calle Azaleas, 51, Ct. House. Puerto Ban\u00fas, 29660 &#8211; Marbella (M\u00e1laga).<\/p>\n\n\n\n<p>REV: 20.3009<\/p>\n<\/div><\/div>\n","protected":false},"excerpt":{"rendered":"<p>En cumplimiento con el deber de informaci\u00f3n recogido en art\u00edculo 10 de la Ley 34\/2002, de 11 de julio, de Servicios de la Sociedad de la Informaci\u00f3n y del Comercio Electr\u00f3nico (LSSICE), el propietario de&#8230;<\/p>\n","protected":false},"author":1,"featured_media":0,"parent":0,"menu_order":0,"comment_status":"closed","ping_status":"closed","template":"","meta":{"_acf_changed":false,"inline_featured_image":false,"footnotes":""},"class_list":["post-37","page","type-page","status-publish","hentry"],"acf":[],"yoast_head":"<!-- This site is optimized with the Yoast SEO plugin v25.9 - https:\/\/yoast.com\/wordpress\/plugins\/seo\/ -->\n<title>Aviso Legal | ALL369<\/title>\n<meta name=\"robots\" content=\"noindex, follow, max-snippet:-1, max-image-preview:large, max-video-preview:-1\" \/>\n<meta property=\"og:locale\" content=\"es_ES\" \/>\n<meta property=\"og:type\" content=\"article\" \/>\n<meta property=\"og:title\" content=\"Aviso Legal | ALL369\" \/>\n<meta property=\"og:description\" content=\"En cumplimiento con el deber de informaci\u00f3n recogido en art\u00edculo 10 de la Ley 34\/2002, de 11 de julio, de Servicios de la Sociedad de la Informaci\u00f3n y del Comercio Electr\u00f3nico (LSSICE), el propietario de...\" \/>\n<meta property=\"og:url\" content=\"https:\/\/all369.agenciaimagen.es\/es\/aviso-legal\/\" \/>\n<meta property=\"og:site_name\" content=\"ALL369\" \/>\n<meta property=\"article:modified_time\" content=\"2025-09-01T06:36:47+00:00\" \/>\n<meta property=\"og:image\" content=\"https:\/\/all369.agenciaimagen.es\/wp-content\/uploads\/2025\/07\/All369_favicon.png\" \/>\n\t<meta property=\"og:image:width\" content=\"512\" \/>\n\t<meta property=\"og:image:height\" content=\"512\" \/>\n\t<meta property=\"og:image:type\" content=\"image\/png\" \/>\n<meta name=\"twitter:card\" content=\"summary_large_image\" \/>\n<meta name=\"twitter:label1\" content=\"Tiempo de lectura\" \/>\n\t<meta name=\"twitter:data1\" content=\"3 minutos\" \/>\n<script type=\"application\/ld+json\" class=\"yoast-schema-graph\">{\"@context\":\"https:\/\/schema.org\",\"@graph\":[{\"@type\":\"WebPage\",\"@id\":\"https:\/\/all369.agenciaimagen.es\/es\/aviso-legal\/\",\"url\":\"https:\/\/all369.agenciaimagen.es\/es\/aviso-legal\/\",\"name\":\"Aviso Legal | ALL369\",\"isPartOf\":{\"@id\":\"https:\/\/all369.agenciaimagen.es\/es\/#website\"},\"datePublished\":\"2025-07-04T10:47:33+00:00\",\"dateModified\":\"2025-09-01T06:36:47+00:00\",\"breadcrumb\":{\"@id\":\"https:\/\/all369.agenciaimagen.es\/es\/aviso-legal\/#breadcrumb\"},\"inLanguage\":\"es\",\"potentialAction\":[{\"@type\":\"ReadAction\",\"target\":[\"https:\/\/all369.agenciaimagen.es\/es\/aviso-legal\/\"]}]},{\"@type\":\"BreadcrumbList\",\"@id\":\"https:\/\/all369.agenciaimagen.es\/es\/aviso-legal\/#breadcrumb\",\"itemListElement\":[{\"@type\":\"ListItem\",\"position\":1,\"name\":\"Portada\",\"item\":\"https:\/\/all369.agenciaimagen.es\/es\/\"},{\"@type\":\"ListItem\",\"position\":2,\"name\":\"Aviso Legal\"}]},{\"@type\":\"WebSite\",\"@id\":\"https:\/\/all369.agenciaimagen.es\/es\/#website\",\"url\":\"https:\/\/all369.agenciaimagen.es\/es\/\",\"name\":\"Arquitecture Love Legacy 369\",\"description\":\"\",\"alternateName\":\"ALL369\",\"potentialAction\":[{\"@type\":\"SearchAction\",\"target\":{\"@type\":\"EntryPoint\",\"urlTemplate\":\"https:\/\/all369.agenciaimagen.es\/es\/?s={search_term_string}\"},\"query-input\":{\"@type\":\"PropertyValueSpecification\",\"valueRequired\":true,\"valueName\":\"search_term_string\"}}],\"inLanguage\":\"es\"}]}<\/script>\n<!-- \/ Yoast SEO plugin. -->","yoast_head_json":{"title":"Aviso Legal | ALL369","robots":{"index":"noindex","follow":"follow","max-snippet":"max-snippet:-1","max-image-preview":"max-image-preview:large","max-video-preview":"max-video-preview:-1"},"og_locale":"es_ES","og_type":"article","og_title":"Aviso Legal | ALL369","og_description":"En cumplimiento con el deber de informaci\u00f3n recogido en art\u00edculo 10 de la Ley 34\/2002, de 11 de julio, de Servicios de la Sociedad de la Informaci\u00f3n y del Comercio Electr\u00f3nico (LSSICE), el propietario de...","og_url":"https:\/\/all369.agenciaimagen.es\/es\/aviso-legal\/","og_site_name":"ALL369","article_modified_time":"2025-09-01T06:36:47+00:00","og_image":[{"width":512,"height":512,"url":"https:\/\/all369.agenciaimagen.es\/wp-content\/uploads\/2025\/07\/All369_favicon.png","type":"image\/png"}],"twitter_card":"summary_large_image","twitter_misc":{"Tiempo de lectura":"3 minutos"},"schema":{"@context":"https:\/\/schema.org","@graph":[{"@type":"WebPage","@id":"https:\/\/all369.agenciaimagen.es\/es\/aviso-legal\/","url":"https:\/\/all369.agenciaimagen.es\/es\/aviso-legal\/","name":"Aviso Legal | ALL369","isPartOf":{"@id":"https:\/\/all369.agenciaimagen.es\/es\/#website"},"datePublished":"2025-07-04T10:47:33+00:00","dateModified":"2025-09-01T06:36:47+00:00","breadcrumb":{"@id":"https:\/\/all369.agenciaimagen.es\/es\/aviso-legal\/#breadcrumb"},"inLanguage":"es","potentialAction":[{"@type":"ReadAction","target":["https:\/\/all369.agenciaimagen.es\/es\/aviso-legal\/"]}]},{"@type":"BreadcrumbList","@id":"https:\/\/all369.agenciaimagen.es\/es\/aviso-legal\/#breadcrumb","itemListElement":[{"@type":"ListItem","position":1,"name":"Portada","item":"https:\/\/all369.agenciaimagen.es\/es\/"},{"@type":"ListItem","position":2,"name":"Aviso Legal"}]},{"@type":"WebSite","@id":"https:\/\/all369.agenciaimagen.es\/es\/#website","url":"https:\/\/all369.agenciaimagen.es\/es\/","name":"Arquitecture Love Legacy 369","description":"","alternateName":"ALL369","potentialAction":[{"@type":"SearchAction","target":{"@type":"EntryPoint","urlTemplate":"https:\/\/all369.agenciaimagen.es\/es\/?s={search_term_string}"},"query-input":{"@type":"PropertyValueSpecification","valueRequired":true,"valueName":"search_term_string"}}],"inLanguage":"es"}]}},"_links":{"self":[{"href":"https:\/\/all369.agenciaimagen.es\/es\/wp-json\/wp\/v2\/pages\/37","targetHints":{"allow":["GET"]}}],"collection":[{"href":"https:\/\/all369.agenciaimagen.es\/es\/wp-json\/wp\/v2\/pages"}],"about":[{"href":"https:\/\/all369.agenciaimagen.es\/es\/wp-json\/wp\/v2\/types\/page"}],"author":[{"embeddable":true,"href":"https:\/\/all369.agenciaimagen.es\/es\/wp-json\/wp\/v2\/users\/1"}],"replies":[{"embeddable":true,"href":"https:\/\/all369.agenciaimagen.es\/es\/wp-json\/wp\/v2\/comments?post=37"}],"version-history":[{"count":3,"href":"https:\/\/all369.agenciaimagen.es\/es\/wp-json\/wp\/v2\/pages\/37\/revisions"}],"predecessor-version":[{"id":814,"href":"https:\/\/all369.agenciaimagen.es\/es\/wp-json\/wp\/v2\/pages\/37\/revisions\/814"}],"wp:attachment":[{"href":"https:\/\/all369.agenciaimagen.es\/es\/wp-json\/wp\/v2\/media?parent=37"}],"curies":[{"name":"wp","href":"https:\/\/api.w.org\/{rel}","templated":true}]}}