{"id":17,"date":"2025-07-04T11:59:03","date_gmt":"2025-07-04T09:59:03","guid":{"rendered":"https:\/\/all369.agenciaimagen.es\/?page_id=17"},"modified":"2025-09-02T08:19:35","modified_gmt":"2025-09-02T06:19:35","slug":"contacto","status":"publish","type":"page","link":"https:\/\/all369.agenciaimagen.es\/es\/contacto\/","title":{"rendered":"Contacto"},"content":{"rendered":"\n<div class=\"wp-block-group ic-page-contact\"><div class=\"wp-block-group__inner-container is-layout-constrained wp-block-group-is-layout-constrained\">\n<figure class=\"wp-block-video ic-cover-video\"><video autoplay loop muted src=\"https:\/\/all369.agenciaimagen.es\/wp-content\/themes\/all369\/videos\/video-hero-contact.mp4\" playsinline><\/video><\/figure>\n\n\n\n<div class=\"wp-block-cover is-light ic-cover-home\"><span aria-hidden=\"true\" class=\"wp-block-cover__background has-background-dim\"><\/span><div class=\"wp-block-cover__inner-container is-layout-constrained wp-block-cover-is-layout-constrained\">\n<h1 class=\"wp-block-heading has-text-align-center\">en all369 materializamos<br>visiones<\/h1>\n<\/div><\/div>\n\n\n\n<div class=\"wp-block-columns are-vertically-aligned-top container ic-wrapper-contact is-layout-flex wp-container-core-columns-is-layout-9d6595d7 wp-block-columns-is-layout-flex\">\n<div class=\"wp-block-column is-vertically-aligned-top is-layout-flow wp-block-column-is-layout-flow\" style=\"flex-basis:100%\">\n<h2 class=\"wp-block-heading\">Contactar<\/h2>\n\n\n\n<p>Para consultas, informaci\u00f3n adicional o posibles colaboraciones, no dude en ponerse en contacto con nosotros a trav\u00e9s de nuestro formulario. Si lo prefiere, tambi\u00e9n puede visitarnos.<\/p>\n\n\n\n<ul class=\"wp-block-list ic-show-desktop\">\n<li>estamos en<\/li>\n\n\n\n<li>C\/Azaleas, 51. CENTRO HOUSE,<br>29660 Puerto Ban\u00fas, Marbella (M\u00e1laga)<\/li>\n\n\n\n<li>escr\u00edbenos<\/li>\n\n\n\n<li><a href=\"mailto:contacto@all369.com\">contacto@all369.com<\/a><\/li>\n\n\n\n<li>ll\u00e1manos<\/li>\n\n\n\n<li><a href=\"tel:34747497460\">+34 747 497 460<\/a><\/li>\n<\/ul>\n<\/div>\n\n\n\n<div class=\"wp-block-column is-vertically-aligned-top is-layout-flow wp-block-column-is-layout-flow\" style=\"flex-basis:86px\"><\/div>\n\n\n\n<div class=\"wp-block-column is-vertically-aligned-top is-layout-flow wp-block-column-is-layout-flow\" style=\"flex-basis:100%\">\n<div class=\"wp-block-contact-form-7-contact-form-selector\">\n<div class=\"wpcf7 no-js\" id=\"wpcf7-f5-o1\" lang=\"es-ES\" dir=\"ltr\" data-wpcf7-id=\"5\">\n<div class=\"screen-reader-response\"><p role=\"status\" aria-live=\"polite\" aria-atomic=\"true\"><\/p> <ul><\/ul><\/div>\n<form action=\"\/es\/wp-json\/wp\/v2\/pages\/17#wpcf7-f5-o1\" method=\"post\" class=\"wpcf7-form init\" aria-label=\"Formulario de contacto\" novalidate=\"novalidate\" data-status=\"init\">\n<fieldset class=\"hidden-fields-container\"><input type=\"hidden\" name=\"_wpcf7\" value=\"5\" \/><input type=\"hidden\" name=\"_wpcf7_version\" value=\"6.1.1\" \/><input type=\"hidden\" name=\"_wpcf7_locale\" value=\"es_ES\" \/><input type=\"hidden\" name=\"_wpcf7_unit_tag\" value=\"wpcf7-f5-o1\" \/><input type=\"hidden\" name=\"_wpcf7_container_post\" value=\"0\" \/><input type=\"hidden\" name=\"_wpcf7_posted_data_hash\" value=\"\" \/>\n<\/fieldset>\n<div class=\"row\">\n\t<div class=\"col-12\">\n\t\t<p><label><span class=\"wpcf7-form-control-wrap\" data-name=\"full-name\"><input size=\"40\" maxlength=\"400\" class=\"wpcf7-form-control wpcf7-text wpcf7-validates-as-required form-control\" aria-required=\"true\" aria-invalid=\"false\" placeholder=\"Nombre completo*\" value=\"\" type=\"text\" name=\"full-name\" \/><\/span><\/label>\n\t\t<\/p>\n\t<\/div>\n\t<div class=\"col-12\">\n\t\t<p><label><span class=\"wpcf7-form-control-wrap\" data-name=\"email\"><input size=\"40\" maxlength=\"400\" class=\"wpcf7-form-control wpcf7-email wpcf7-validates-as-required wpcf7-text wpcf7-validates-as-email form-control\" aria-required=\"true\" aria-invalid=\"false\" placeholder=\"Email*\" value=\"\" type=\"email\" name=\"email\" \/><\/span><\/label>\n\t\t<\/p>\n\t<\/div>\n\t<div class=\"col-12\">\n\t\t<p><label><span class=\"wpcf7-form-control-wrap\" data-name=\"phone\"><input size=\"40\" class=\"wpcf7-form-control wpcf7-phonetext wpcf7-validates-as-required wpcf7-text wpcf7-validates-as-phonetext form-control\" aria-required=\"true\" aria-invalid=\"false\" placeholder=\"Tel\u00e9fono*\" value=\"\" type=\"text\" name=\"phone\" \/><input type=\"hidden\" name=\"phone-country-code\" class=\"wpcf7-phonetext-country-code\" \/><\/span><\/label>\n\t\t<\/p>\n\t<\/div>\n\t<div class=\"col-12\">\n\t\t<p><label><span class=\"wpcf7-form-control-wrap\" data-name=\"message\"><textarea cols=\"40\" rows=\"1\" maxlength=\"2000\" class=\"wpcf7-form-control wpcf7-textarea form-control\" aria-invalid=\"false\" placeholder=\"Mensaje\" name=\"message\"><\/textarea><\/span><\/label>\n\t\t<\/p>\n\t<\/div>\n<\/div>\n<div class=\"row\">\n\t<div class=\"col-12\">\n\t\t<div class=\"mb-2\">\n\t\t\t<p><label><span class=\"wpcf7-form-control-wrap\" data-name=\"legal\"><span class=\"wpcf7-form-control wpcf7-acceptance\"><span class=\"wpcf7-list-item\"><label><input type=\"checkbox\" name=\"legal\" value=\"1\" aria-invalid=\"false\" \/><span class=\"wpcf7-list-item-label\">He le\u00eddo y acepto los <a href=\"\/es\/aviso-legal\/\" target=\"_blank\" title=\"T\u00e9rminos de Uso\">t\u00e9rminos de uso<\/a> y la <a href=\"\/es\/politica-de-privacidad\/\" target=\"_blank\" title=\"Pol\u00edtica de Privacidad\">pol\u00edtica de privacidad<\/a> de este sitio.*<\/span><\/label><\/span><\/span><\/span><\/label>\n\t\t\t<\/p>\n\t\t<\/div>\n\t\t<div class=\"mt-1\">\n\t\t\t<p><label><span class=\"wpcf7-form-control-wrap\" data-name=\"commercial\"><span class=\"wpcf7-form-control wpcf7-acceptance optional\"><span class=\"wpcf7-list-item\"><label><input type=\"checkbox\" name=\"commercial\" value=\"1\" aria-invalid=\"false\" \/><span class=\"wpcf7-list-item-label\">Acepto recibir informaci\u00f3n comercial por correo electr\u00f3nico.<\/span><\/label><\/span><\/span><\/span><\/label>\n\t\t\t<\/p>\n\t\t<\/div>\n\t<\/div>\n<\/div>\n<div class=\"row\">\n\t<div class=\"col-md-12 text-center\">\n\t\t<p><input class=\"wpcf7-form-control wpcf7-submit has-spinner\" type=\"submit\" value=\"Enviar\" \/>\n\t\t<\/p>\n\t<\/div>\n<\/div>\n<input class=\"wpcf7-form-control wpcf7-hidden\" value=\"\/es\/gracias\/\" type=\"hidden\" name=\"redirect_to\" \/>\n<input class=\"wpcf7-form-control wpcf7-hidden field_utm_source\" id=\"field_utm_source\" value=\"\" type=\"hidden\" name=\"utm_source\" \/>\n<input class=\"wpcf7-form-control wpcf7-hidden field_utm_medium\" id=\"field_utm_medium\" value=\"\" type=\"hidden\" name=\"utm_medium\" \/>\n<input class=\"wpcf7-form-control wpcf7-hidden field_utm_campaign\" id=\"field_utm_campaign\" value=\"\" type=\"hidden\" name=\"utm_campaign\" \/><div class=\"wpcf7-response-output\" aria-hidden=\"true\"><\/div>\n<\/form>\n<\/div>\n<\/div>\n\n\n\n<ul class=\"wp-block-list ic-show-mobile\">\n<li>estamos en<\/li>\n\n\n\n<li>C\/Azaleas, 51. CENTRO HOUSE,<br>29660 Puerto Ban\u00fas, Marbella (M\u00e1laga)<\/li>\n\n\n\n<li>escr\u00edbenos<\/li>\n\n\n\n<li><a href=\"mailto:contacto@all369.com\">contacto@all369.com<\/a><\/li>\n\n\n\n<li>ll\u00e1manos<\/li>\n\n\n\n<li><a href=\"tel:34747497460\">+34 747 497 460<\/a><\/li>\n<\/ul>\n<\/div>\n<\/div>\n\n\n\n<div class=\"wp-block-group ic-projects-exclusive-slider\"><div class=\"wp-block-group__inner-container is-layout-constrained wp-block-group-is-layout-constrained\">\n<h2 class=\"wp-block-heading container\">Proyectos exclusivos all369<\/h2>\n\n\n<div class=\"properties-slider\"><div class=\"ic-project-item container\"><figure class=\"ic-figure-all-width\"><img decoding=\"async\" src=\"https:\/\/all369.agenciaimagen.es\/wp-content\/uploads\/2025\/07\/All360_proyecto_zahara_cabecera.jpg\" alt=\"Villa Creative Zahara\" class=\"w-100\" \/><\/figure><figure><a href=\"https:\/\/all369.agenciaimagen.es\/es\/projects\/villa-creative-zahara\/\" target=\"_self\"><img decoding=\"async\" src=\"https:\/\/all369.agenciaimagen.es\/wp-content\/uploads\/2025\/07\/All360_proyecto_zahara_cabecera.jpg\" alt=\"Villa Creative Zahara\" class=\"w-100\" \/><\/a><\/figure><div class=\"ic-project-group\"><h2 class=\"wp-block-heading\">Villa Creative Zahara<\/h2><p><span class=\"ic-project-item-architect\">Guto Biazzetto<\/span><span class=\"mx-2\"> | <\/span><span class=\"ic-project-item-country\">Espa\u00f1a<\/span><\/p><div class=\"wp-block-buttons is-layout-flex\"><div class=\"wp-block-button\"><a class=\"wp-block-button__link wp-element-button\" href=\"https:\/\/all369.agenciaimagen.es\/es\/projects\/villa-creative-zahara\/\">Ver<\/a><\/div><div class=\"wp-block-button ic-button-more-info d-none\"><a class=\"wp-block-button__link wp-element-button\" href=\"https:\/\/all369.agenciaimagen.es\/es\/projects\/villa-creative-zahara\/\">+ info<\/a><\/div><\/div><\/div><\/div><div class=\"ic-project-item container\"><figure class=\"ic-figure-all-width\"><img decoding=\"async\" src=\"https:\/\/all369.agenciaimagen.es\/wp-content\/uploads\/2025\/07\/hero.jpg\" alt=\"Villa Villalobos\" class=\"w-100\" \/><\/figure><figure><a href=\"https:\/\/all369.agenciaimagen.es\/es\/projects\/villa-lobos\/\" target=\"_self\"><img decoding=\"async\" src=\"https:\/\/all369.agenciaimagen.es\/wp-content\/uploads\/2025\/07\/hero.jpg\" alt=\"Villa Villalobos\" class=\"w-100\" \/><\/a><\/figure><div class=\"ic-project-group\"><h2 class=\"wp-block-heading\">Villa Villalobos<\/h2><p><span class=\"ic-project-item-architect\">Elisa Eva Erdlen<\/span><span class=\"mx-2\"> | <\/span><span class=\"ic-project-item-country\">Espa\u00f1a<\/span><\/p><div class=\"wp-block-buttons is-layout-flex\"><div class=\"wp-block-button\"><a class=\"wp-block-button__link wp-element-button\" href=\"https:\/\/all369.agenciaimagen.es\/es\/projects\/villa-lobos\/\">Ver<\/a><\/div><div class=\"wp-block-button ic-button-more-info d-none\"><a class=\"wp-block-button__link wp-element-button\" href=\"https:\/\/all369.agenciaimagen.es\/es\/projects\/villa-lobos\/\">+ info<\/a><\/div><\/div><\/div><\/div><div class=\"ic-project-item container\"><figure class=\"ic-figure-all-width\"><img decoding=\"async\" src=\"https:\/\/all369.agenciaimagen.es\/wp-content\/uploads\/2025\/07\/all369_villa_baeloclaudia_cabecera.jpg\" alt=\"Villa Baelo Claudia\" class=\"w-100\" \/><\/figure><figure><a href=\"https:\/\/all369.agenciaimagen.es\/es\/projects\/villa-baelo-claudia\/\" target=\"_self\"><img decoding=\"async\" src=\"https:\/\/all369.agenciaimagen.es\/wp-content\/uploads\/2025\/07\/all369_villa_baeloclaudia_cabecera.jpg\" alt=\"Villa Baelo Claudia\" class=\"w-100\" \/><\/a><\/figure><div class=\"ic-project-group\"><h2 class=\"wp-block-heading\">Villa Baelo Claudia<\/h2><p><span class=\"ic-project-item-architect\">Castro Arquitectos, Brasil<\/span><span class=\"mx-2\"> | <\/span><span class=\"ic-project-item-country\">Espa\u00f1a<\/span><\/p><div class=\"wp-block-buttons is-layout-flex\"><div class=\"wp-block-button\"><a class=\"wp-block-button__link wp-element-button\" href=\"https:\/\/all369.agenciaimagen.es\/es\/projects\/villa-baelo-claudia\/\">Ver<\/a><\/div><div class=\"wp-block-button ic-button-more-info d-none\"><a class=\"wp-block-button__link wp-element-button\" href=\"https:\/\/all369.agenciaimagen.es\/es\/projects\/villa-baelo-claudia\/\">+ info<\/a><\/div><\/div><\/div><\/div><div class=\"ic-project-item container\"><figure class=\"ic-figure-all-width\"><img decoding=\"async\" src=\"https:\/\/all369.agenciaimagen.es\/wp-content\/uploads\/2025\/07\/all369_villa_circle_cabecera.jpg\" alt=\"Villa Circle\" class=\"w-100\" \/><\/figure><figure><a href=\"https:\/\/all369.agenciaimagen.es\/es\/projects\/villa-circle\/\" target=\"_self\"><img decoding=\"async\" src=\"https:\/\/all369.agenciaimagen.es\/wp-content\/uploads\/2025\/07\/all369_villa_circle_cabecera.jpg\" alt=\"Villa Circle\" class=\"w-100\" \/><\/a><\/figure><div class=\"ic-project-group\"><h2 class=\"wp-block-heading\">Villa Circle<\/h2><p><span class=\"ic-project-item-architect\">Arquitectos ZDS Egypto<\/span><span class=\"mx-2\"> | <\/span><span class=\"ic-project-item-country\">Espa\u00f1a<\/span><\/p><div class=\"wp-block-buttons is-layout-flex\"><div class=\"wp-block-button\"><a class=\"wp-block-button__link wp-element-button\" href=\"https:\/\/all369.agenciaimagen.es\/es\/projects\/villa-circle\/\">Ver<\/a><\/div><div class=\"wp-block-button ic-button-more-info d-none\"><a class=\"wp-block-button__link wp-element-button\" href=\"https:\/\/all369.agenciaimagen.es\/es\/projects\/villa-circle\/\">+ info<\/a><\/div><\/div><\/div><\/div><div class=\"ic-project-item container\"><figure class=\"ic-figure-all-width\"><img decoding=\"async\" src=\"https:\/\/all369.agenciaimagen.es\/wp-content\/uploads\/2025\/07\/all369_villa_panorama_cabecera.jpg\" alt=\"Villa Panorama\" class=\"w-100\" \/><\/figure><figure><a href=\"https:\/\/all369.agenciaimagen.es\/es\/projects\/villa-panorama\/\" target=\"_self\"><img decoding=\"async\" src=\"https:\/\/all369.agenciaimagen.es\/wp-content\/uploads\/2025\/07\/all369_villa_panorama_cabecera.jpg\" alt=\"Villa Panorama\" class=\"w-100\" \/><\/a><\/figure><div class=\"ic-project-group\"><h2 class=\"wp-block-heading\">Villa Panorama<\/h2><p><span class=\"mx-2\"> | <\/span><span class=\"ic-project-item-country\">Espa\u00f1a<\/span><\/p><div class=\"wp-block-buttons is-layout-flex\"><div class=\"wp-block-button\"><a class=\"wp-block-button__link wp-element-button\" href=\"https:\/\/all369.agenciaimagen.es\/es\/projects\/villa-panorama\/\">Ver<\/a><\/div><div class=\"wp-block-button ic-button-more-info d-none\"><a class=\"wp-block-button__link wp-element-button\" href=\"https:\/\/all369.agenciaimagen.es\/es\/projects\/villa-panorama\/\">+ info<\/a><\/div><\/div><\/div><\/div><\/div>\n<\/div><\/div>\n<\/div><\/div>\n","protected":false},"excerpt":{"rendered":"<p>Contactar Para consultas, informaci\u00f3n adicional o posibles colaboraciones, no dude en ponerse en contacto con nosotros a trav\u00e9s de nuestro formulario. Si lo prefiere, tambi\u00e9n puede visitarnos. Proyectos exclusivos all369<\/p>\n","protected":false},"author":1,"featured_media":996,"parent":0,"menu_order":0,"comment_status":"closed","ping_status":"closed","template":"","meta":{"_acf_changed":false,"inline_featured_image":false,"footnotes":""},"class_list":["post-17","page","type-page","status-publish","has-post-thumbnail","hentry"],"acf":[],"yoast_head":"<!-- This site is optimized with the Yoast SEO plugin v25.9 - https:\/\/yoast.com\/wordpress\/plugins\/seo\/ -->\n<title>ALL369 | Contacta con nosotros<\/title>\n<meta name=\"description\" content=\"Para consultas, informaci\u00f3n adicional o posibles colaboraciones, no dude en ponerse en contacto con nosotros a trav\u00e9s de nuestro formulario.\" \/>\n<meta name=\"robots\" content=\"noindex, follow, max-snippet:-1, max-image-preview:large, max-video-preview:-1\" \/>\n<meta property=\"og:locale\" content=\"es_ES\" \/>\n<meta property=\"og:type\" content=\"article\" \/>\n<meta property=\"og:title\" content=\"ALL369 | Contacta con nosotros\" \/>\n<meta property=\"og:description\" content=\"Para consultas, informaci\u00f3n adicional o posibles colaboraciones, no dude en ponerse en contacto con nosotros a trav\u00e9s de nuestro formulario.\" \/>\n<meta property=\"og:url\" content=\"https:\/\/all369.agenciaimagen.es\/es\/contacto\/\" \/>\n<meta property=\"og:site_name\" content=\"ALL369\" \/>\n<meta property=\"article:modified_time\" content=\"2025-09-02T06:19:35+00:00\" \/>\n<meta property=\"og:image\" content=\"https:\/\/all369.agenciaimagen.es\/wp-content\/uploads\/2025\/09\/feat-contact.png\" \/>\n\t<meta property=\"og:image:width\" content=\"373\" \/>\n\t<meta property=\"og:image:height\" content=\"102\" \/>\n\t<meta property=\"og:image:type\" content=\"image\/png\" \/>\n<meta name=\"twitter:card\" content=\"summary_large_image\" \/>\n<meta name=\"twitter:label1\" content=\"Tiempo de lectura\" \/>\n\t<meta name=\"twitter:data1\" content=\"1 minuto\" \/>\n<script type=\"application\/ld+json\" class=\"yoast-schema-graph\">{\"@context\":\"https:\/\/schema.org\",\"@graph\":[{\"@type\":\"WebPage\",\"@id\":\"https:\/\/all369.agenciaimagen.es\/es\/contacto\/\",\"url\":\"https:\/\/all369.agenciaimagen.es\/es\/contacto\/\",\"name\":\"ALL369 | Contacta con nosotros\",\"isPartOf\":{\"@id\":\"https:\/\/all369.agenciaimagen.es\/es\/#website\"},\"primaryImageOfPage\":{\"@id\":\"https:\/\/all369.agenciaimagen.es\/es\/contacto\/#primaryimage\"},\"image\":{\"@id\":\"https:\/\/all369.agenciaimagen.es\/es\/contacto\/#primaryimage\"},\"thumbnailUrl\":\"https:\/\/all369.agenciaimagen.es\/wp-content\/uploads\/2025\/09\/feat-contact.png\",\"datePublished\":\"2025-07-04T09:59:03+00:00\",\"dateModified\":\"2025-09-02T06:19:35+00:00\",\"description\":\"Para consultas, informaci\u00f3n adicional o posibles colaboraciones, no dude en ponerse en contacto con nosotros a trav\u00e9s de nuestro formulario.\",\"breadcrumb\":{\"@id\":\"https:\/\/all369.agenciaimagen.es\/es\/contacto\/#breadcrumb\"},\"inLanguage\":\"es\",\"potentialAction\":[{\"@type\":\"ReadAction\",\"target\":[\"https:\/\/all369.agenciaimagen.es\/es\/contacto\/\"]}]},{\"@type\":\"ImageObject\",\"inLanguage\":\"es\",\"@id\":\"https:\/\/all369.agenciaimagen.es\/es\/contacto\/#primaryimage\",\"url\":\"https:\/\/all369.agenciaimagen.es\/wp-content\/uploads\/2025\/09\/feat-contact.png\",\"contentUrl\":\"https:\/\/all369.agenciaimagen.es\/wp-content\/uploads\/2025\/09\/feat-contact.png\",\"width\":373,\"height\":102},{\"@type\":\"BreadcrumbList\",\"@id\":\"https:\/\/all369.agenciaimagen.es\/es\/contacto\/#breadcrumb\",\"itemListElement\":[{\"@type\":\"ListItem\",\"position\":1,\"name\":\"Portada\",\"item\":\"https:\/\/all369.agenciaimagen.es\/es\/\"},{\"@type\":\"ListItem\",\"position\":2,\"name\":\"Contacto\"}]},{\"@type\":\"WebSite\",\"@id\":\"https:\/\/all369.agenciaimagen.es\/es\/#website\",\"url\":\"https:\/\/all369.agenciaimagen.es\/es\/\",\"name\":\"Arquitecture Love Legacy 369\",\"description\":\"\",\"alternateName\":\"ALL369\",\"potentialAction\":[{\"@type\":\"SearchAction\",\"target\":{\"@type\":\"EntryPoint\",\"urlTemplate\":\"https:\/\/all369.agenciaimagen.es\/es\/?s={search_term_string}\"},\"query-input\":{\"@type\":\"PropertyValueSpecification\",\"valueRequired\":true,\"valueName\":\"search_term_string\"}}],\"inLanguage\":\"es\"}]}<\/script>\n<!-- \/ Yoast SEO plugin. -->","yoast_head_json":{"title":"ALL369 | Contacta con nosotros","description":"Para consultas, informaci\u00f3n adicional o posibles colaboraciones, no dude en ponerse en contacto con nosotros a trav\u00e9s de nuestro formulario.","robots":{"index":"noindex","follow":"follow","max-snippet":"max-snippet:-1","max-image-preview":"max-image-preview:large","max-video-preview":"max-video-preview:-1"},"og_locale":"es_ES","og_type":"article","og_title":"ALL369 | Contacta con nosotros","og_description":"Para consultas, informaci\u00f3n adicional o posibles colaboraciones, no dude en ponerse en contacto con nosotros a trav\u00e9s de nuestro formulario.","og_url":"https:\/\/all369.agenciaimagen.es\/es\/contacto\/","og_site_name":"ALL369","article_modified_time":"2025-09-02T06:19:35+00:00","og_image":[{"width":373,"height":102,"url":"https:\/\/all369.agenciaimagen.es\/wp-content\/uploads\/2025\/09\/feat-contact.png","type":"image\/png"}],"twitter_card":"summary_large_image","twitter_misc":{"Tiempo de lectura":"1 minuto"},"schema":{"@context":"https:\/\/schema.org","@graph":[{"@type":"WebPage","@id":"https:\/\/all369.agenciaimagen.es\/es\/contacto\/","url":"https:\/\/all369.agenciaimagen.es\/es\/contacto\/","name":"ALL369 | Contacta con nosotros","isPartOf":{"@id":"https:\/\/all369.agenciaimagen.es\/es\/#website"},"primaryImageOfPage":{"@id":"https:\/\/all369.agenciaimagen.es\/es\/contacto\/#primaryimage"},"image":{"@id":"https:\/\/all369.agenciaimagen.es\/es\/contacto\/#primaryimage"},"thumbnailUrl":"https:\/\/all369.agenciaimagen.es\/wp-content\/uploads\/2025\/09\/feat-contact.png","datePublished":"2025-07-04T09:59:03+00:00","dateModified":"2025-09-02T06:19:35+00:00","description":"Para consultas, informaci\u00f3n adicional o posibles colaboraciones, no dude en ponerse en contacto con nosotros a trav\u00e9s de nuestro formulario.","breadcrumb":{"@id":"https:\/\/all369.agenciaimagen.es\/es\/contacto\/#breadcrumb"},"inLanguage":"es","potentialAction":[{"@type":"ReadAction","target":["https:\/\/all369.agenciaimagen.es\/es\/contacto\/"]}]},{"@type":"ImageObject","inLanguage":"es","@id":"https:\/\/all369.agenciaimagen.es\/es\/contacto\/#primaryimage","url":"https:\/\/all369.agenciaimagen.es\/wp-content\/uploads\/2025\/09\/feat-contact.png","contentUrl":"https:\/\/all369.agenciaimagen.es\/wp-content\/uploads\/2025\/09\/feat-contact.png","width":373,"height":102},{"@type":"BreadcrumbList","@id":"https:\/\/all369.agenciaimagen.es\/es\/contacto\/#breadcrumb","itemListElement":[{"@type":"ListItem","position":1,"name":"Portada","item":"https:\/\/all369.agenciaimagen.es\/es\/"},{"@type":"ListItem","position":2,"name":"Contacto"}]},{"@type":"WebSite","@id":"https:\/\/all369.agenciaimagen.es\/es\/#website","url":"https:\/\/all369.agenciaimagen.es\/es\/","name":"Arquitecture Love Legacy 369","description":"","alternateName":"ALL369","potentialAction":[{"@type":"SearchAction","target":{"@type":"EntryPoint","urlTemplate":"https:\/\/all369.agenciaimagen.es\/es\/?s={search_term_string}"},"query-input":{"@type":"PropertyValueSpecification","valueRequired":true,"valueName":"search_term_string"}}],"inLanguage":"es"}]}},"_links":{"self":[{"href":"https:\/\/all369.agenciaimagen.es\/es\/wp-json\/wp\/v2\/pages\/17","targetHints":{"allow":["GET"]}}],"collection":[{"href":"https:\/\/all369.agenciaimagen.es\/es\/wp-json\/wp\/v2\/pages"}],"about":[{"href":"https:\/\/all369.agenciaimagen.es\/es\/wp-json\/wp\/v2\/types\/page"}],"author":[{"embeddable":true,"href":"https:\/\/all369.agenciaimagen.es\/es\/wp-json\/wp\/v2\/users\/1"}],"replies":[{"embeddable":true,"href":"https:\/\/all369.agenciaimagen.es\/es\/wp-json\/wp\/v2\/comments?post=17"}],"version-history":[{"count":34,"href":"https:\/\/all369.agenciaimagen.es\/es\/wp-json\/wp\/v2\/pages\/17\/revisions"}],"predecessor-version":[{"id":702,"href":"https:\/\/all369.agenciaimagen.es\/es\/wp-json\/wp\/v2\/pages\/17\/revisions\/702"}],"wp:featuredmedia":[{"embeddable":true,"href":"https:\/\/all369.agenciaimagen.es\/es\/wp-json\/wp\/v2\/media\/996"}],"wp:attachment":[{"href":"https:\/\/all369.agenciaimagen.es\/es\/wp-json\/wp\/v2\/media?parent=17"}],"curies":[{"name":"wp","href":"https:\/\/api.w.org\/{rel}","templated":true}]}}