{"id":13,"date":"2025-07-04T11:58:11","date_gmt":"2025-07-04T09:58:11","guid":{"rendered":"https:\/\/all369.agenciaimagen.es\/?page_id=13"},"modified":"2025-09-10T13:05:39","modified_gmt":"2025-09-10T11:05:39","slug":"servicios","status":"publish","type":"page","link":"https:\/\/all369.agenciaimagen.es\/es\/servicios\/","title":{"rendered":"Servicios"},"content":{"rendered":"\n<div class=\"wp-block-group ic-page-services\"><div class=\"wp-block-group__inner-container is-layout-constrained wp-block-group-is-layout-constrained\">\n<figure class=\"wp-block-video ic-cover-video\"><video autoplay loop muted src=\"https:\/\/all369.agenciaimagen.es\/wp-content\/themes\/all369\/videos\/video-hero-services.mp4\" playsinline><\/video><\/figure>\n\n\n\n<div class=\"wp-block-cover is-light ic-cover-home\"><span aria-hidden=\"true\" class=\"wp-block-cover__background has-background-dim\"><\/span><div class=\"wp-block-cover__inner-container is-layout-constrained wp-block-cover-is-layout-constrained\">\n<h1 class=\"wp-block-heading has-text-align-center mt-5 pt-5\">desde la visi\u00f3n al legado<\/h1>\n<\/div><\/div>\n\n\n\n<div class=\"wp-block-columns container ic-wrapper-services is-layout-flex wp-container-core-columns-is-layout-9d6595d7 wp-block-columns-is-layout-flex\">\n<div class=\"wp-block-column is-vertically-aligned-top is-layout-flow wp-block-column-is-layout-flow\">\n<h2 class=\"wp-block-heading\">servicios all369<\/h2>\n\n\n\n<p>Servicios dise\u00f1ados exclusivamente para los que valoran la excelencia, la confianza y una atenci\u00f3n personalizada al m\u00e1s alto nivel. Porque entendemos que el verdadero lujo reside en los detalles\u2026 y en las personas que los hacen posibles.<\/p>\n<\/div>\n\n\n\n<div class=\"wp-block-column is-vertically-aligned-center is-layout-flow wp-block-column-is-layout-flow\"><div class=\"wp-block-image\">\n<figure class=\"alignright size-large\"><img decoding=\"async\" width=\"88\" height=\"41\" src=\"https:\/\/all369.agenciaimagen.es\/wp-content\/uploads\/2025\/07\/Isotipo_negativo.svg\" alt=\"\" class=\"wp-image-535\"\/><\/figure>\n<\/div><\/div>\n<\/div>\n\n\n\n<div class=\"wp-block-columns container ic-wrapper-items-services is-layout-flex wp-container-core-columns-is-layout-9d6595d7 wp-block-columns-is-layout-flex\">\n<div class=\"wp-block-column is-layout-flow wp-block-column-is-layout-flow\">\n<div class=\"wp-block-media-text is-stacked-on-mobile is-vertically-aligned-top\"><figure class=\"wp-block-media-text__media\"><img decoding=\"async\" width=\"1024\" height=\"576\" src=\"https:\/\/all369.agenciaimagen.es\/wp-content\/uploads\/2025\/07\/All360_desarrollo-1024x576.jpg\" alt=\"\" class=\"wp-image-538 size-full\" srcset=\"https:\/\/all369.agenciaimagen.es\/wp-content\/uploads\/2025\/07\/All360_desarrollo-1024x576.jpg 1024w, https:\/\/all369.agenciaimagen.es\/wp-content\/uploads\/2025\/07\/All360_desarrollo-300x169.jpg 300w, https:\/\/all369.agenciaimagen.es\/wp-content\/uploads\/2025\/07\/All360_desarrollo-768x432.jpg 768w, https:\/\/all369.agenciaimagen.es\/wp-content\/uploads\/2025\/07\/All360_desarrollo-1536x864.jpg 1536w, https:\/\/all369.agenciaimagen.es\/wp-content\/uploads\/2025\/07\/All360_desarrollo.jpg 1920w\" sizes=\"(max-width: 1024px) 100vw, 1024px\" \/><\/figure><div class=\"wp-block-media-text__content\">\n<h2 class=\"wp-block-heading\">desarrollo de proyeCtos exclusivos<\/h2>\n\n\n\n<p>En All369 ponemos a su disposici\u00f3n un exclusivo hub internacional de arquitectos de reconocido prestigio, con los que elegir entre una cuidada selecci\u00f3n de dise\u00f1os ya desarrollados, a personalizar, o encargar un proyecto completamente a medida, concebido desde cero en base a sus necesidades, estilo de vida y aspiraciones est\u00e9ticas.\u2028<\/p>\n\n\n\n<p>Desde una primera idea hasta el \u00faltimo detalle constructivo, nuestros arquitectos le acompa\u00f1ar\u00e1n en cada etapa para dar forma a un proyecto \u00fanico y excepcional: el hogar de sus sue\u00f1os.<\/p>\n<\/div><\/div>\n\n\n\n<div class=\"wp-block-media-text is-stacked-on-mobile is-vertically-aligned-top\"><figure class=\"wp-block-media-text__media\"><img decoding=\"async\" width=\"1024\" height=\"576\" src=\"https:\/\/all369.agenciaimagen.es\/wp-content\/uploads\/2025\/07\/All360_gestion_integral-1024x576.jpg\" alt=\"\" class=\"wp-image-540 size-full\" srcset=\"https:\/\/all369.agenciaimagen.es\/wp-content\/uploads\/2025\/07\/All360_gestion_integral-1024x576.jpg 1024w, https:\/\/all369.agenciaimagen.es\/wp-content\/uploads\/2025\/07\/All360_gestion_integral-300x169.jpg 300w, https:\/\/all369.agenciaimagen.es\/wp-content\/uploads\/2025\/07\/All360_gestion_integral-768x432.jpg 768w, https:\/\/all369.agenciaimagen.es\/wp-content\/uploads\/2025\/07\/All360_gestion_integral-1536x864.jpg 1536w, https:\/\/all369.agenciaimagen.es\/wp-content\/uploads\/2025\/07\/All360_gestion_integral.jpg 1920w\" sizes=\"(max-width: 1024px) 100vw, 1024px\" \/><\/figure><div class=\"wp-block-media-text__content\">\n<h2 class=\"wp-block-heading\">Gesti\u00f3n integral de proyectos<\/h2>\n\n\n\n<p>Una vez que nuestros servicios boutique le hayan ayudado a encontrar la parcela de sus sue\u00f1os y haya seleccionado el dise\u00f1o de uno de nuestros propios reconocidos arquitectos, nos encargaremos de la gesti\u00f3n integral del proyecto.<br><br>Supervisamos cada fase con un riguroso control de costes, plazos y calidades, garantizando la entrega de su villa en las condiciones acordadas.<\/p>\n<\/div><\/div>\n\n\n\n<div class=\"wp-block-media-text is-stacked-on-mobile is-vertically-aligned-top\"><figure class=\"wp-block-media-text__media\"><img decoding=\"async\" width=\"1024\" height=\"576\" src=\"https:\/\/all369.agenciaimagen.es\/wp-content\/uploads\/2025\/07\/All360_asesoria-1024x576.jpg\" alt=\"\" class=\"wp-image-545 size-full\" srcset=\"https:\/\/all369.agenciaimagen.es\/wp-content\/uploads\/2025\/07\/All360_asesoria-1024x576.jpg 1024w, https:\/\/all369.agenciaimagen.es\/wp-content\/uploads\/2025\/07\/All360_asesoria-300x169.jpg 300w, https:\/\/all369.agenciaimagen.es\/wp-content\/uploads\/2025\/07\/All360_asesoria-768x432.jpg 768w, https:\/\/all369.agenciaimagen.es\/wp-content\/uploads\/2025\/07\/All360_asesoria-1536x864.jpg 1536w, https:\/\/all369.agenciaimagen.es\/wp-content\/uploads\/2025\/07\/All360_asesoria.jpg 1920w\" sizes=\"(max-width: 1024px) 100vw, 1024px\" \/><\/figure><div class=\"wp-block-media-text__content\">\n<h2 class=\"wp-block-heading\">asesor\u00eda inmobiliaria<\/h2>\n\n\n\n<p>Desde nuestra inmobiliaria boutique, le ofrecemos un asesoramiento profesional y personalizado para ayudarle a encontrar desde la parcela ideal en las ubicaciones m\u00e1s exclusivas, hasta villas o apartamentos de alto standing.\u2028<\/p>\n\n\n\n<p>Adem\u00e1s, disponemos de proyectos con rentabilidad garantizada, especialmente dise\u00f1ados para inversores.<\/p>\n<\/div><\/div>\n\n\n\n<div class=\"wp-block-media-text is-stacked-on-mobile is-vertically-aligned-top\"><figure class=\"wp-block-media-text__media\"><img decoding=\"async\" width=\"1024\" height=\"576\" src=\"https:\/\/all369.agenciaimagen.es\/wp-content\/uploads\/2025\/07\/All360_pm_concierge-1024x576.jpg\" alt=\"\" class=\"wp-image-543 size-full\" srcset=\"https:\/\/all369.agenciaimagen.es\/wp-content\/uploads\/2025\/07\/All360_pm_concierge-1024x576.jpg 1024w, https:\/\/all369.agenciaimagen.es\/wp-content\/uploads\/2025\/07\/All360_pm_concierge-300x169.jpg 300w, https:\/\/all369.agenciaimagen.es\/wp-content\/uploads\/2025\/07\/All360_pm_concierge-768x432.jpg 768w, https:\/\/all369.agenciaimagen.es\/wp-content\/uploads\/2025\/07\/All360_pm_concierge-1536x864.jpg 1536w, https:\/\/all369.agenciaimagen.es\/wp-content\/uploads\/2025\/07\/All360_pm_concierge.jpg 1920w\" sizes=\"(max-width: 1024px) 100vw, 1024px\" \/><\/figure><div class=\"wp-block-media-text__content\">\n<h2 class=\"wp-block-heading\">property management &amp; CONCIERGE<\/h2>\n\n\n\n<p>Nos encargamos del mantenimiento completo de su propiedad, incluyendo jardiner\u00eda, piscina, limpieza y supervisi\u00f3n t\u00e9cnica, as\u00ed como de cualquier necesidad externa que pueda surgir. Adem\u00e1s, si desea obtener un alto retorno de su inversi\u00f3n, gestionamos el alquiler de su villa durante los periodos en que no la utilice, asegurando un servicio discreto y eficiente.\u2028<\/p>\n\n\n\n<p>Nuestro equipo de concierge est\u00e1 preparado para ofrecerle todo tipo de experiencias y comodidades: traslados privados al aeropuerto, alquiler de yates o jets privados, acceso a eventos exclusivos, reservas personalizadas y mucho m\u00e1s.<\/p>\n<\/div><\/div>\n<\/div>\n<\/div>\n\n\n\n<div class=\"wp-block-group container ic-wrapper-invertir\"><div class=\"wp-block-group__inner-container is-layout-constrained wp-block-group-is-layout-constrained\">\n<div class=\"wp-block-group\"><div class=\"wp-block-group__inner-container is-layout-constrained wp-block-group-is-layout-constrained\">\n<h2 class=\"wp-block-heading has-text-align-center\">\u00bfInteresado en alguno de nuestros servicios?<\/h2>\n\n\n\n<p class=\"has-text-align-center\">Nuestros servicios se han creado exclusivamente para nuestros clientes de villas de lujo, que necesitan equipo de confianza y trato de excelencia, donde la atenci\u00f3n personalizada es nuestro mayor valor.<\/p>\n\n\n\n<div class=\"wp-block-buttons is-content-justification-center is-layout-flex wp-container-core-buttons-is-layout-16018d1d wp-block-buttons-is-layout-flex\">\n<div class=\"wp-block-button\"><a class=\"wp-block-button__link wp-element-button\" href=\"https:\/\/all369.agenciaimagen.es\/contacto\/\">Solicitar m\u00e1s informaci\u00f3n<\/a><\/div>\n<\/div>\n<\/div><\/div>\n<\/div><\/div>\n<\/div><\/div>\n","protected":false},"excerpt":{"rendered":"<p>servicios all369 Servicios dise\u00f1ados exclusivamente para los que valoran la excelencia, la confianza y una atenci\u00f3n personalizada al m\u00e1s alto nivel. Porque entendemos que el verdadero lujo reside en los detalles\u2026 y en las personas&#8230;<\/p>\n","protected":false},"author":1,"featured_media":1002,"parent":0,"menu_order":0,"comment_status":"closed","ping_status":"closed","template":"","meta":{"_acf_changed":false,"inline_featured_image":false,"footnotes":""},"class_list":["post-13","page","type-page","status-publish","has-post-thumbnail","hentry"],"acf":[],"yoast_head":"<!-- This site is optimized with the Yoast SEO plugin v25.9 - https:\/\/yoast.com\/wordpress\/plugins\/seo\/ -->\n<title>ALL369 | Nuestros Exclusivos Servicios<\/title>\n<meta name=\"description\" content=\"Desarrollo y gesti\u00f3n integral de proyectos,asesor\u00eda inmobiliaria, property management &amp; concierge. Porque entendemos que el verdadero lujo reside en los detalles.\" \/>\n<meta name=\"robots\" content=\"noindex, follow, max-snippet:-1, max-image-preview:large, max-video-preview:-1\" \/>\n<meta property=\"og:locale\" content=\"es_ES\" \/>\n<meta property=\"og:type\" content=\"article\" \/>\n<meta property=\"og:title\" content=\"ALL369 | Nuestros Exclusivos Servicios\" \/>\n<meta property=\"og:description\" content=\"Desarrollo y gesti\u00f3n integral de proyectos,asesor\u00eda inmobiliaria, property management &amp; concierge. Porque entendemos que el verdadero lujo reside en los detalles.\" \/>\n<meta property=\"og:url\" content=\"https:\/\/all369.agenciaimagen.es\/es\/servicios\/\" \/>\n<meta property=\"og:site_name\" content=\"ALL369\" \/>\n<meta property=\"article:modified_time\" content=\"2025-09-10T11:05:39+00:00\" \/>\n<meta property=\"og:image\" content=\"https:\/\/all369.agenciaimagen.es\/wp-content\/uploads\/2025\/09\/feat-services.png\" \/>\n\t<meta property=\"og:image:width\" content=\"373\" \/>\n\t<meta property=\"og:image:height\" content=\"102\" \/>\n\t<meta property=\"og:image:type\" content=\"image\/png\" \/>\n<meta name=\"twitter:card\" content=\"summary_large_image\" \/>\n<meta name=\"twitter:label1\" content=\"Tiempo de lectura\" \/>\n\t<meta name=\"twitter:data1\" content=\"6 minutos\" \/>\n<script type=\"application\/ld+json\" class=\"yoast-schema-graph\">{\"@context\":\"https:\/\/schema.org\",\"@graph\":[{\"@type\":\"WebPage\",\"@id\":\"https:\/\/all369.agenciaimagen.es\/es\/servicios\/\",\"url\":\"https:\/\/all369.agenciaimagen.es\/es\/servicios\/\",\"name\":\"ALL369 | Nuestros Exclusivos Servicios\",\"isPartOf\":{\"@id\":\"https:\/\/all369.agenciaimagen.es\/es\/#website\"},\"primaryImageOfPage\":{\"@id\":\"https:\/\/all369.agenciaimagen.es\/es\/servicios\/#primaryimage\"},\"image\":{\"@id\":\"https:\/\/all369.agenciaimagen.es\/es\/servicios\/#primaryimage\"},\"thumbnailUrl\":\"https:\/\/all369.agenciaimagen.es\/wp-content\/uploads\/2025\/09\/feat-services.png\",\"datePublished\":\"2025-07-04T09:58:11+00:00\",\"dateModified\":\"2025-09-10T11:05:39+00:00\",\"description\":\"Desarrollo y gesti\u00f3n integral de proyectos,asesor\u00eda inmobiliaria, property management & concierge. Porque entendemos que el verdadero lujo reside en los detalles.\",\"breadcrumb\":{\"@id\":\"https:\/\/all369.agenciaimagen.es\/es\/servicios\/#breadcrumb\"},\"inLanguage\":\"es\",\"potentialAction\":[{\"@type\":\"ReadAction\",\"target\":[\"https:\/\/all369.agenciaimagen.es\/es\/servicios\/\"]}]},{\"@type\":\"ImageObject\",\"inLanguage\":\"es\",\"@id\":\"https:\/\/all369.agenciaimagen.es\/es\/servicios\/#primaryimage\",\"url\":\"https:\/\/all369.agenciaimagen.es\/wp-content\/uploads\/2025\/09\/feat-services.png\",\"contentUrl\":\"https:\/\/all369.agenciaimagen.es\/wp-content\/uploads\/2025\/09\/feat-services.png\",\"width\":373,\"height\":102},{\"@type\":\"BreadcrumbList\",\"@id\":\"https:\/\/all369.agenciaimagen.es\/es\/servicios\/#breadcrumb\",\"itemListElement\":[{\"@type\":\"ListItem\",\"position\":1,\"name\":\"Portada\",\"item\":\"https:\/\/all369.agenciaimagen.es\/es\/\"},{\"@type\":\"ListItem\",\"position\":2,\"name\":\"Servicios\"}]},{\"@type\":\"WebSite\",\"@id\":\"https:\/\/all369.agenciaimagen.es\/es\/#website\",\"url\":\"https:\/\/all369.agenciaimagen.es\/es\/\",\"name\":\"Arquitecture Love Legacy 369\",\"description\":\"\",\"alternateName\":\"ALL369\",\"potentialAction\":[{\"@type\":\"SearchAction\",\"target\":{\"@type\":\"EntryPoint\",\"urlTemplate\":\"https:\/\/all369.agenciaimagen.es\/es\/?s={search_term_string}\"},\"query-input\":{\"@type\":\"PropertyValueSpecification\",\"valueRequired\":true,\"valueName\":\"search_term_string\"}}],\"inLanguage\":\"es\"}]}<\/script>\n<!-- \/ Yoast SEO plugin. -->","yoast_head_json":{"title":"ALL369 | Nuestros Exclusivos Servicios","description":"Desarrollo y gesti\u00f3n integral de proyectos,asesor\u00eda inmobiliaria, property management & concierge. Porque entendemos que el verdadero lujo reside en los detalles.","robots":{"index":"noindex","follow":"follow","max-snippet":"max-snippet:-1","max-image-preview":"max-image-preview:large","max-video-preview":"max-video-preview:-1"},"og_locale":"es_ES","og_type":"article","og_title":"ALL369 | Nuestros Exclusivos Servicios","og_description":"Desarrollo y gesti\u00f3n integral de proyectos,asesor\u00eda inmobiliaria, property management & concierge. Porque entendemos que el verdadero lujo reside en los detalles.","og_url":"https:\/\/all369.agenciaimagen.es\/es\/servicios\/","og_site_name":"ALL369","article_modified_time":"2025-09-10T11:05:39+00:00","og_image":[{"width":373,"height":102,"url":"https:\/\/all369.agenciaimagen.es\/wp-content\/uploads\/2025\/09\/feat-services.png","type":"image\/png"}],"twitter_card":"summary_large_image","twitter_misc":{"Tiempo de lectura":"6 minutos"},"schema":{"@context":"https:\/\/schema.org","@graph":[{"@type":"WebPage","@id":"https:\/\/all369.agenciaimagen.es\/es\/servicios\/","url":"https:\/\/all369.agenciaimagen.es\/es\/servicios\/","name":"ALL369 | Nuestros Exclusivos Servicios","isPartOf":{"@id":"https:\/\/all369.agenciaimagen.es\/es\/#website"},"primaryImageOfPage":{"@id":"https:\/\/all369.agenciaimagen.es\/es\/servicios\/#primaryimage"},"image":{"@id":"https:\/\/all369.agenciaimagen.es\/es\/servicios\/#primaryimage"},"thumbnailUrl":"https:\/\/all369.agenciaimagen.es\/wp-content\/uploads\/2025\/09\/feat-services.png","datePublished":"2025-07-04T09:58:11+00:00","dateModified":"2025-09-10T11:05:39+00:00","description":"Desarrollo y gesti\u00f3n integral de proyectos,asesor\u00eda inmobiliaria, property management & concierge. Porque entendemos que el verdadero lujo reside en los detalles.","breadcrumb":{"@id":"https:\/\/all369.agenciaimagen.es\/es\/servicios\/#breadcrumb"},"inLanguage":"es","potentialAction":[{"@type":"ReadAction","target":["https:\/\/all369.agenciaimagen.es\/es\/servicios\/"]}]},{"@type":"ImageObject","inLanguage":"es","@id":"https:\/\/all369.agenciaimagen.es\/es\/servicios\/#primaryimage","url":"https:\/\/all369.agenciaimagen.es\/wp-content\/uploads\/2025\/09\/feat-services.png","contentUrl":"https:\/\/all369.agenciaimagen.es\/wp-content\/uploads\/2025\/09\/feat-services.png","width":373,"height":102},{"@type":"BreadcrumbList","@id":"https:\/\/all369.agenciaimagen.es\/es\/servicios\/#breadcrumb","itemListElement":[{"@type":"ListItem","position":1,"name":"Portada","item":"https:\/\/all369.agenciaimagen.es\/es\/"},{"@type":"ListItem","position":2,"name":"Servicios"}]},{"@type":"WebSite","@id":"https:\/\/all369.agenciaimagen.es\/es\/#website","url":"https:\/\/all369.agenciaimagen.es\/es\/","name":"Arquitecture Love Legacy 369","description":"","alternateName":"ALL369","potentialAction":[{"@type":"SearchAction","target":{"@type":"EntryPoint","urlTemplate":"https:\/\/all369.agenciaimagen.es\/es\/?s={search_term_string}"},"query-input":{"@type":"PropertyValueSpecification","valueRequired":true,"valueName":"search_term_string"}}],"inLanguage":"es"}]}},"_links":{"self":[{"href":"https:\/\/all369.agenciaimagen.es\/es\/wp-json\/wp\/v2\/pages\/13","targetHints":{"allow":["GET"]}}],"collection":[{"href":"https:\/\/all369.agenciaimagen.es\/es\/wp-json\/wp\/v2\/pages"}],"about":[{"href":"https:\/\/all369.agenciaimagen.es\/es\/wp-json\/wp\/v2\/types\/page"}],"author":[{"embeddable":true,"href":"https:\/\/all369.agenciaimagen.es\/es\/wp-json\/wp\/v2\/users\/1"}],"replies":[{"embeddable":true,"href":"https:\/\/all369.agenciaimagen.es\/es\/wp-json\/wp\/v2\/comments?post=13"}],"version-history":[{"count":31,"href":"https:\/\/all369.agenciaimagen.es\/es\/wp-json\/wp\/v2\/pages\/13\/revisions"}],"predecessor-version":[{"id":1141,"href":"https:\/\/all369.agenciaimagen.es\/es\/wp-json\/wp\/v2\/pages\/13\/revisions\/1141"}],"wp:featuredmedia":[{"embeddable":true,"href":"https:\/\/all369.agenciaimagen.es\/es\/wp-json\/wp\/v2\/media\/1002"}],"wp:attachment":[{"href":"https:\/\/all369.agenciaimagen.es\/es\/wp-json\/wp\/v2\/media?parent=13"}],"curies":[{"name":"wp","href":"https:\/\/api.w.org\/{rel}","templated":true}]}}